{"id":1175,"date":"2021-11-18T13:01:22","date_gmt":"2021-11-18T12:01:22","guid":{"rendered":"https:\/\/www.bcsberlin.com\/whitebird\/BCSblog\/?page_id=1175"},"modified":"2021-11-18T13:06:29","modified_gmt":"2021-11-18T12:06:29","slug":"geschaeftsfuehrung-auf-zeit","status":"publish","type":"page","link":"https:\/\/www.bcsberlin.com\/whitebird\/BCSblog\/geschaeftsfuehrung-auf-zeit\/","title":{"rendered":"."},"content":{"rendered":"\n<div class=\"wp-block-group\"><div class=\"wp-block-group__inner-container is-layout-flow wp-block-group-is-layout-flow\"><div id=\"pl-gb1175-69e0633508307\"  class=\"panel-layout\" ><div id=\"pg-gb1175-69e0633508307-0\"  class=\"panel-grid panel-no-style\" ><div id=\"pgc-gb1175-69e0633508307-0-0\"  class=\"panel-grid-cell\" ><div id=\"panel-gb1175-69e0633508307-0-0-0\" class=\"so-panel widget widget_sow-editor panel-first-child panel-last-child\" data-index=\"0\" ><div class=\"so-widget-sow-editor so-widget-sow-editor-base\">\n<div class=\"siteorigin-widget-tinymce textwidget\">\n\t<p>Wenn der bisherige Gesch\u00e4ftsf\u00fchrer nicht verf\u00fcgbar ist bieten wir diese Dienstleistung f\u00fcr einen Zeitraum von 3-6 Monaten zum Festpreis an.<\/p>\n<p>Beispiel:\u00a0 <strong><em>Firma Prisma GmbH Berlin<\/em><\/strong><\/p>\n<p><a href=\"https:\/\/www.bcsberlin.com\/whitebird\/BCSblog\/management-geschaeftsfuehrer-stories-it\/\">Unternehmensleitung Projektmanagement<\/a> und Softwareentwicklung<br \/>\n20 Mitarbeiter ca 2 Jahre<\/p>\n<p>&nbsp;<\/p>\n<\/div>\n<\/div><\/div><\/div><\/div><\/div><\/div><\/div>\n\n\n\n<p><\/p>\n","protected":false},"excerpt":{"rendered":"","protected":false},"author":1,"featured_media":0,"parent":0,"menu_order":0,"comment_status":"closed","ping_status":"closed","template":"","meta":{"footnotes":""},"class_list":["post-1175","page","type-page","status-publish","hentry"],"yoast_head":"<!-- This site is optimized with the Yoast SEO plugin v15.6.2 - https:\/\/yoast.com\/wordpress\/plugins\/seo\/ -->\n<title>. - BCSberlin.de<\/title>\n<meta name=\"robots\" content=\"index, follow, max-snippet:-1, max-image-preview:large, max-video-preview:-1\" \/>\n<link rel=\"canonical\" href=\"https:\/\/www.bcsberlin.com\/whitebird\/BCSblog\/geschaeftsfuehrung-auf-zeit\/\" \/>\n<meta property=\"og:locale\" content=\"de_DE\" \/>\n<meta property=\"og:type\" content=\"article\" \/>\n<meta property=\"og:title\" content=\". - BCSberlin.de\" \/>\n<meta property=\"og:url\" content=\"https:\/\/www.bcsberlin.com\/whitebird\/BCSblog\/geschaeftsfuehrung-auf-zeit\/\" \/>\n<meta property=\"og:site_name\" content=\"BCSberlin.de\" \/>\n<meta property=\"article:modified_time\" content=\"2021-11-18T12:06:29+00:00\" \/>\n<meta name=\"twitter:card\" content=\"summary_large_image\" \/>\n<meta name=\"twitter:label1\" content=\"Gesch\u00e4tzte Lesezeit\">\n\t<meta name=\"twitter:data1\" content=\"1\u00a0Minute\">\n<script type=\"application\/ld+json\" class=\"yoast-schema-graph\">{\"@context\":\"https:\/\/schema.org\",\"@graph\":[{\"@type\":\"WebSite\",\"@id\":\"https:\/\/www.bcsberlin.com\/whitebird\/BCSblog\/#website\",\"url\":\"https:\/\/www.bcsberlin.com\/whitebird\/BCSblog\/\",\"name\":\"BCSberlin.de\",\"description\":\"Beratung Computer Software Seit 20 Jahre Erfahrung von Microprozessor bis IBM Mainframe\",\"potentialAction\":[{\"@type\":\"SearchAction\",\"target\":\"https:\/\/www.bcsberlin.com\/whitebird\/BCSblog\/?s={search_term_string}\",\"query-input\":\"required name=search_term_string\"}],\"inLanguage\":\"de\"},{\"@type\":\"WebPage\",\"@id\":\"https:\/\/www.bcsberlin.com\/whitebird\/BCSblog\/geschaeftsfuehrung-auf-zeit\/#webpage\",\"url\":\"https:\/\/www.bcsberlin.com\/whitebird\/BCSblog\/geschaeftsfuehrung-auf-zeit\/\",\"name\":\". - BCSberlin.de\",\"isPartOf\":{\"@id\":\"https:\/\/www.bcsberlin.com\/whitebird\/BCSblog\/#website\"},\"datePublished\":\"2021-11-18T12:01:22+00:00\",\"dateModified\":\"2021-11-18T12:06:29+00:00\",\"inLanguage\":\"de\",\"potentialAction\":[{\"@type\":\"ReadAction\",\"target\":[\"https:\/\/www.bcsberlin.com\/whitebird\/BCSblog\/geschaeftsfuehrung-auf-zeit\/\"]}]}]}<\/script>\n<!-- \/ Yoast SEO plugin. -->","_links":{"self":[{"href":"https:\/\/www.bcsberlin.com\/whitebird\/BCSblog\/wp-json\/wp\/v2\/pages\/1175","targetHints":{"allow":["GET"]}}],"collection":[{"href":"https:\/\/www.bcsberlin.com\/whitebird\/BCSblog\/wp-json\/wp\/v2\/pages"}],"about":[{"href":"https:\/\/www.bcsberlin.com\/whitebird\/BCSblog\/wp-json\/wp\/v2\/types\/page"}],"author":[{"embeddable":true,"href":"https:\/\/www.bcsberlin.com\/whitebird\/BCSblog\/wp-json\/wp\/v2\/users\/1"}],"replies":[{"embeddable":true,"href":"https:\/\/www.bcsberlin.com\/whitebird\/BCSblog\/wp-json\/wp\/v2\/comments?post=1175"}],"version-history":[{"count":6,"href":"https:\/\/www.bcsberlin.com\/whitebird\/BCSblog\/wp-json\/wp\/v2\/pages\/1175\/revisions"}],"predecessor-version":[{"id":1182,"href":"https:\/\/www.bcsberlin.com\/whitebird\/BCSblog\/wp-json\/wp\/v2\/pages\/1175\/revisions\/1182"}],"wp:attachment":[{"href":"https:\/\/www.bcsberlin.com\/whitebird\/BCSblog\/wp-json\/wp\/v2\/media?parent=1175"}],"curies":[{"name":"wp","href":"https:\/\/api.w.org\/{rel}","templated":true}]}}