{"id":369,"date":"2017-09-19T11:07:22","date_gmt":"2017-09-19T09:07:22","guid":{"rendered":"http:\/\/www.bcsberlin.com\/whitebird\/BCSblog\/?page_id=369"},"modified":"2017-09-20T05:32:46","modified_gmt":"2017-09-20T03:32:46","slug":"startblog","status":"publish","type":"page","link":"https:\/\/www.bcsberlin.com\/whitebird\/BCSblog\/startblog\/","title":{"rendered":"private site"},"content":{"rendered":"<hr \/>\n<p><a href=\"http:\/\/whitebird\/wordpress\/2017\/09\/18\/politik-verstehen\/\" target=\"_blank\" rel=\"noopener\">Bundestagswahl<\/a>\u00a0 <a href=\"http:\/\/whitebird\/wordpress\/2016\/10\/17\/hello-world\/\">InformationsTechnologie<\/a>\u00a0<a href=\"http:\/\/www.bcsberlin.com\/whitebird\/BCSblog\/2016\/11\/13\/musik-lesen-und-spielen\/\" target=\"_blank\" rel=\"noopener\">Duncan Piano Lorien<\/a> <a href=\"http:\/\/www.bcsberlin.com\/whitebird\/BCSblog\/2016\/11\/17\/lady-veronika-und-die-wut\/\" target=\"_blank\" rel=\"noopener\">Motorboating\u00a0<\/a><\/p>\n<hr \/>\n<p>&nbsp;<\/p>\n<p><a href=\"http:\/\/www.bcsberlin.com\/whitebird\/BCSblog\" target=\"_blank\" rel=\"noopener\">Dies ist der Blog von BCSberlin<\/a><\/p>\n<p>Liebe Nutzer, ich m\u00f6chte mich vorstellen,<\/p>\n<p>Ullrich Barmeyer, Diplom Ingenieur f\u00fcr Elektrotechnik und Elektronik, Diplom Informatiker von MicroEmbedded \u00fcber PC, AIX bis zu den gro\u00dfen IBM Mainframes<\/p>\n<p><img decoding=\"async\" class=\"alignleft\" src=\"http:\/\/www.bcsberlin.com\/whitebird\/BCSblog\/wp-content\/uploads\/2016\/10\/UliHalb.jpg\" \/>mit den Hobbies, Hochseeseegeln, PAIDI und VDST Tauchen, Joggen, Musik machen (Piano) und Kochen. Eigentlich noch vieles andere mehr.<\/p>\n<p>Ich schreibe hier in der Kategorie IT, privat auch \u00fcber Politik, Gesundheit und anderes.<\/p>\n<p><a href=\"http:\/\/www.bcsberlin.de\" target=\"_blank\" rel=\"noopener\">www.bcsberlin.de<\/a><\/p>\n<p><a href=\"mailto:uli@bcsberlin.de\" target=\"_blank\" rel=\"noopener\">mailto:uli@bcsberlin.de<\/a>\u00a0 FEEDBACK WANTED!<\/p>\n<p>Warum bin ich hier nur HALB zu sehen, nun ja, die andere H\u00e4lfte ist die Professionelle Seite meiner Firma.<\/p>\n<p>&nbsp;<\/p>\n<p>&nbsp;<\/p>\n<p><img loading=\"lazy\" decoding=\"async\" class=\"attachment-266x266 alignleft\" src=\"http:\/\/www.bcsberlin.com\/whitebird\/BCSblog\/wp-content\/uploads\/2016\/10\/UliSteuermann.jpg\" sizes=\"auto, (max-width: 215px) 100vw, 215px\" srcset=\"http:\/\/www.bcsberlin.com\/whitebird\/BCSblog\/wp-content\/uploads\/2016\/10\/UliSteuermann.jpg 1313w, http:\/\/www.bcsberlin.com\/whitebird\/BCSblog\/wp-content\/uploads\/2016\/10\/UliSteuermann-243x300.jpg 243w, http:\/\/www.bcsberlin.com\/whitebird\/BCSblog\/wp-content\/uploads\/2016\/10\/UliSteuermann-768x950.jpg 768w, http:\/\/www.bcsberlin.com\/whitebird\/BCSblog\/wp-content\/uploads\/2016\/10\/UliSteuermann-828x1024.jpg 828w\" alt=\"ulisteuermann\" width=\"147\" height=\"181\" \/><\/p>\n<hr \/>\n<p>Hi Folks, this is the Blog of bcsberlin.de. I write about professional IT, however wont&#8217;t leave out private parts as Sailing of the Seas, Diving Deeper [SCUBA], Learning and Playing Music, Cooking LowCarb and much more. It is only half my face, the other is the professional one.<\/p>\n","protected":false},"excerpt":{"rendered":"<p>Bundestagswahl\u00a0 InformationsTechnologie\u00a0Duncan Piano Lorien Motorboating\u00a0 &nbsp; Dies ist der Blog von BCSberlin Liebe Nutzer, ich m\u00f6chte mich vorstellen, Ullrich Barmeyer, Diplom Ingenieur f\u00fcr Elektrotechnik und Elektronik, Diplom Informatiker von MicroEmbedded \u00fcber PC, AIX bis zu den gro\u00dfen IBM Mainframes mit den Hobbies, Hochseeseegeln, PAIDI und VDST Tauchen, Joggen, Musik machen (Piano) und Kochen. Eigentlich noch &hellip; <\/p>\n<p class=\"link-more\"><a href=\"https:\/\/www.bcsberlin.com\/whitebird\/BCSblog\/startblog\/\" class=\"more-link\"><span class=\"screen-reader-text\">\u201eprivate site\u201c<\/span> weiterlesen<\/a><\/p>\n","protected":false},"author":1,"featured_media":0,"parent":0,"menu_order":0,"comment_status":"closed","ping_status":"closed","template":"","meta":{"footnotes":""},"class_list":["post-369","page","type-page","status-publish","hentry"],"yoast_head":"<!-- This site is optimized with the Yoast SEO plugin v15.6.2 - https:\/\/yoast.com\/wordpress\/plugins\/seo\/ -->\n<title>private site - BCSberlin.de<\/title>\n<meta name=\"robots\" content=\"index, follow, max-snippet:-1, max-image-preview:large, max-video-preview:-1\" \/>\n<link rel=\"canonical\" href=\"https:\/\/www.bcsberlin.com\/whitebird\/BCSblog\/startblog\/\" \/>\n<meta property=\"og:locale\" content=\"de_DE\" \/>\n<meta property=\"og:type\" content=\"article\" \/>\n<meta property=\"og:title\" content=\"private site - BCSberlin.de\" \/>\n<meta property=\"og:description\" content=\"Bundestagswahl\u00a0 InformationsTechnologie\u00a0Duncan Piano Lorien Motorboating\u00a0 &nbsp; Dies ist der Blog von BCSberlin Liebe Nutzer, ich m\u00f6chte mich vorstellen, Ullrich Barmeyer, Diplom Ingenieur f\u00fcr Elektrotechnik und Elektronik, Diplom Informatiker von MicroEmbedded \u00fcber PC, AIX bis zu den gro\u00dfen IBM Mainframes mit den Hobbies, Hochseeseegeln, PAIDI und VDST Tauchen, Joggen, Musik machen (Piano) und Kochen. Eigentlich noch &hellip; \u201eprivate site\u201c weiterlesen\" \/>\n<meta property=\"og:url\" content=\"https:\/\/www.bcsberlin.com\/whitebird\/BCSblog\/startblog\/\" \/>\n<meta property=\"og:site_name\" content=\"BCSberlin.de\" \/>\n<meta property=\"article:modified_time\" content=\"2017-09-20T03:32:46+00:00\" \/>\n<meta property=\"og:image\" content=\"http:\/\/www.bcsberlin.com\/whitebird\/BCSblog\/wp-content\/uploads\/2016\/10\/UliHalb.jpg\" \/>\n<meta name=\"twitter:card\" content=\"summary_large_image\" \/>\n<meta name=\"twitter:label1\" content=\"Gesch\u00e4tzte Lesezeit\">\n\t<meta name=\"twitter:data1\" content=\"1\u00a0Minute\">\n<script type=\"application\/ld+json\" class=\"yoast-schema-graph\">{\"@context\":\"https:\/\/schema.org\",\"@graph\":[{\"@type\":\"WebSite\",\"@id\":\"https:\/\/www.bcsberlin.com\/whitebird\/BCSblog\/#website\",\"url\":\"https:\/\/www.bcsberlin.com\/whitebird\/BCSblog\/\",\"name\":\"BCSberlin.de\",\"description\":\"Beratung Computer Software Seit 20 Jahre Erfahrung von Microprozessor bis IBM Mainframe\",\"potentialAction\":[{\"@type\":\"SearchAction\",\"target\":\"https:\/\/www.bcsberlin.com\/whitebird\/BCSblog\/?s={search_term_string}\",\"query-input\":\"required name=search_term_string\"}],\"inLanguage\":\"de\"},{\"@type\":\"ImageObject\",\"@id\":\"https:\/\/www.bcsberlin.com\/whitebird\/BCSblog\/startblog\/#primaryimage\",\"inLanguage\":\"de\",\"url\":\"http:\/\/www.bcsberlin.com\/whitebird\/BCSblog\/wp-content\/uploads\/2016\/10\/UliHalb.jpg\"},{\"@type\":\"WebPage\",\"@id\":\"https:\/\/www.bcsberlin.com\/whitebird\/BCSblog\/startblog\/#webpage\",\"url\":\"https:\/\/www.bcsberlin.com\/whitebird\/BCSblog\/startblog\/\",\"name\":\"private site - BCSberlin.de\",\"isPartOf\":{\"@id\":\"https:\/\/www.bcsberlin.com\/whitebird\/BCSblog\/#website\"},\"primaryImageOfPage\":{\"@id\":\"https:\/\/www.bcsberlin.com\/whitebird\/BCSblog\/startblog\/#primaryimage\"},\"datePublished\":\"2017-09-19T09:07:22+00:00\",\"dateModified\":\"2017-09-20T03:32:46+00:00\",\"inLanguage\":\"de\",\"potentialAction\":[{\"@type\":\"ReadAction\",\"target\":[\"https:\/\/www.bcsberlin.com\/whitebird\/BCSblog\/startblog\/\"]}]}]}<\/script>\n<!-- \/ Yoast SEO plugin. -->","_links":{"self":[{"href":"https:\/\/www.bcsberlin.com\/whitebird\/BCSblog\/wp-json\/wp\/v2\/pages\/369","targetHints":{"allow":["GET"]}}],"collection":[{"href":"https:\/\/www.bcsberlin.com\/whitebird\/BCSblog\/wp-json\/wp\/v2\/pages"}],"about":[{"href":"https:\/\/www.bcsberlin.com\/whitebird\/BCSblog\/wp-json\/wp\/v2\/types\/page"}],"author":[{"embeddable":true,"href":"https:\/\/www.bcsberlin.com\/whitebird\/BCSblog\/wp-json\/wp\/v2\/users\/1"}],"replies":[{"embeddable":true,"href":"https:\/\/www.bcsberlin.com\/whitebird\/BCSblog\/wp-json\/wp\/v2\/comments?post=369"}],"version-history":[{"count":3,"href":"https:\/\/www.bcsberlin.com\/whitebird\/BCSblog\/wp-json\/wp\/v2\/pages\/369\/revisions"}],"predecessor-version":[{"id":385,"href":"https:\/\/www.bcsberlin.com\/whitebird\/BCSblog\/wp-json\/wp\/v2\/pages\/369\/revisions\/385"}],"wp:attachment":[{"href":"https:\/\/www.bcsberlin.com\/whitebird\/BCSblog\/wp-json\/wp\/v2\/media?parent=369"}],"curies":[{"name":"wp","href":"https:\/\/api.w.org\/{rel}","templated":true}]}}