{"id":679,"date":"2017-11-25T17:48:40","date_gmt":"2017-11-25T16:48:40","guid":{"rendered":"http:\/\/www.bcsberlin.com\/whitebird\/BCSblog\/?page_id=679"},"modified":"2017-11-27T11:36:59","modified_gmt":"2017-11-27T10:36:59","slug":"679-2","status":"publish","type":"page","link":"https:\/\/www.bcsberlin.com\/whitebird\/BCSblog\/679-2\/","title":{"rendered":"a long way begins with the first step"},"content":{"rendered":"<div id=\"pl-679\"  class=\"panel-layout\" ><div id=\"pg-679-0\"  class=\"panel-grid panel-has-style\" ><div class=\"siteorigin-panels-stretch panel-row-style panel-row-style-for-679-0\" data-stretch-type=\"full-stretched\" ><div id=\"pgc-679-0-0\"  class=\"panel-grid-cell\" ><div id=\"panel-679-0-0-0\" class=\"so-panel widget widget_sow-hero panel-first-child panel-last-child\" data-index=\"0\" ><div class=\"so-widget-sow-hero so-widget-sow-hero-default-47382e74dc79\"><div class=\"sow-slider-base \" style=\"display: none\"><ul class=\"sow-slider-images\" data-settings=\"{&quot;pagination&quot;:true,&quot;speed&quot;:800,&quot;timeout&quot;:8000,&quot;paused&quot;:false,&quot;pause_on_hover&quot;:false,&quot;swipe&quot;:true,&quot;nav_always_show_mobile&quot;:&quot;&quot;,&quot;breakpoint&quot;:&quot;780px&quot;}\">\t\t<li class=\"sow-slider-image  sow-slider-image-cover\" style=\"background-color: #413c35\" >\n\t\t\t\t\t<div class=\"sow-slider-image-container\">\n\t\t\t<div class=\"sow-slider-image-wrapper\">\n\t\t\t\t<h1 style=\"text-align: center\">BCS Berlin<\/h1>\n<h5 style=\"text-align: center\">Beratung Computer Software<\/h5>\n<div class=\"sow-hero-buttons\" style=\"text-align: center\"><div class=\"so-widget-sow-button so-widget-sow-button-flat-c5593b3169d8\"><div class=\"ow-button-base ow-button-align-center\">\n\t<a href=\"mailto:Ullrich.Barmeyer@bcsberlin.de\" class=\"ow-icon-placement-left ow-button-hover\" target=\"_blank\" rel=\"noopener noreferrer\" \t\t>\n\t\t<span>\n\t\t\t\n\t\t\tKontakt\t\t<\/span>\n\t<\/a>\n<\/div>\n<\/div><\/div>\t\t\t<\/div>\n\t\t<\/div>\n\t\t<div class=\"sow-slider-image-overlay sow-slider-image-cover\" style=\"background-image: url(https:\/\/www.bcsberlin.com\/whitebird\/BCSblog\/wp-content\/uploads\/2016\/11\/images3.jpg);opacity: 0.6\"  ><\/div>\t\t<\/li>\n\t\t<\/ul>\t\t\t\t<ol class=\"sow-slider-pagination\">\n\t\t\t\t\t\t\t\t\t\t\t<li><a href=\"#\" data-goto=\"0\" aria-label=\"display slide 1\"><\/a><\/li>\n\t\t\t\t\t\t\t\t\t<\/ol>\n\n\t\t\t\t<div class=\"sow-slide-nav sow-slide-nav-next\">\n\t\t\t\t\t<a href=\"#\" data-goto=\"next\" aria-label=\"next slide\" data-action=\"next\">\n\t\t\t\t\t\t<em class=\"sow-sld-icon-thin-right\"><\/em>\n\t\t\t\t\t<\/a>\n\t\t\t\t<\/div>\n\n\t\t\t\t<div class=\"sow-slide-nav sow-slide-nav-prev\">\n\t\t\t\t\t<a href=\"#\" data-goto=\"previous\" aria-label=\"previous slide\" data-action=\"prev\">\n\t\t\t\t\t\t<em class=\"sow-sld-icon-thin-left\"><\/em>\n\t\t\t\t\t<\/a>\n\t\t\t\t<\/div>\n\t\t\t\t<\/div><\/div><\/div><\/div><\/div><\/div><div id=\"pg-679-1\"  class=\"panel-grid panel-has-style\" ><div class=\"panel-row-style panel-row-style-for-679-1\" ><div id=\"pgc-679-1-0\"  class=\"panel-grid-cell\" ><div id=\"panel-679-1-0-0\" class=\"so-panel widget widget_sow-headline panel-first-child\" data-index=\"1\" ><div class=\"so-widget-sow-headline so-widget-sow-headline-default-7153f6983552\"><div class=\"sow-headline-container \">\n\t<h1 class='sow-headline'>Beratung steht bei uns an erster Stelle<\/h1><\/div><\/div><\/div><div id=\"panel-679-1-0-1\" class=\"so-panel widget widget_sow-features panel-last-child\" data-index=\"2\" ><div class=\"so-widget-sow-features so-widget-sow-features-default-8677a81443d1\">\n<div class=\"sow-features-list sow-features-responsive\">\n\n\t\t\t\n\t\t\t<div class=\"sow-features-feature sow-icon-container-position-top sow-features-feature-last-row\" style=\"width: 33.333%\">\n\n\t\t\t\t\t\t\t\t<div\n\t\t\t\t\tclass=\"sow-icon-container sow-container-round\"\n                    style=\"color: #83c4a8; \"\n\t\t\t\t\t>\n\t\t\t\t\t<span class=\"sow-icon-fontawesome sow-fab\" data-sow-icon=\"&#xf209;\"\n\t\tstyle=\"font-size: 75px; color: #FFFFFF\" ><\/span>\t\t\t\t<\/div>\n\t\t\t\t\n\t\t\t\t<div class=\"textwidget\">\n\t\t\t\t\t\t\t\t\t\t\t<h5>\n\t\t\t\t\t\t\t\t\t\t\t\t\t\tIT Sicherheit &amp; Antivirus\t\t\t\t\t\t\t\t\t\t\t\t\t<\/h5>\n\t\t\t\t\t\n\t\t\t\t\t\t\t\t\t\t\t<p>Wir sind Partner von G-Data in Bochum, des einzigen Antivirus-Software Herstellers in Deutschland (!). Die Produkte G-Data Internet Security sind international anerkannt und weltweit ein gro\u00dfer Erfolg.<\/p>\n<p>Es gibt L\u00f6sungen vom Mobilen Endger\u00e4t bis hin zu Unternehmensl\u00f6sungen in denen sowohl alle Mobilger\u00e4te und auch PCs \u00fcberwacht werden, bis hin zu Cloud L\u00f6sungen.<\/p>\t\t\t\t\t\n\t\t\t\t\t\t\t\t\t<\/div>\n\t\t\t<\/div>\n\n\t\t\n\t\t\t<div class=\"sow-features-feature sow-icon-container-position-top sow-features-feature-last-row\" style=\"width: 33.333%\">\n\n\t\t\t\t\t\t\t\t<div\n\t\t\t\t\tclass=\"sow-icon-container sow-container-round\"\n                    style=\"color: #83c4a8; \"\n\t\t\t\t\t>\n\t\t\t\t\t<span class=\"sow-icon-fontawesome sow-fas\" data-sow-icon=\"&#xf188;\"\n\t\tstyle=\"font-size: 75px; color: #FFFFFF\" ><\/span>\t\t\t\t<\/div>\n\t\t\t\t\n\t\t\t\t<div class=\"textwidget\">\n\t\t\t\t\t\t\t\t\t\t\t<h5>\n\t\t\t\t\t\t\t\t\t\t\t\t\t\tEndpoint Security\t\t\t\t\t\t\t\t\t\t\t\t\t<\/h5>\n\t\t\t\t\t\n\t\t\t\t\t\t\t\t\t\t\t<p>In der Cloud-L\u00f6sung mit MS Azure bleiben Ihre Daten in Deutschland. Kein Russischer oder Amerikanischer Anbieter verf\u00fcgt \u00fcber Ihre Daten. Dazu gelten die scharfen Datensicherheitsrichtlinien in Deutschland.<\/p>\t\t\t\t\t\n\t\t\t\t\t\t\t\t\t<\/div>\n\t\t\t<\/div>\n\n\t\t\n\t\t\t<div class=\"sow-features-feature sow-icon-container-position-top sow-features-feature-last-row\" style=\"width: 33.333%\">\n\n\t\t\t\t\t\t\t\t<div\n\t\t\t\t\tclass=\"sow-icon-container sow-container-round\"\n                    style=\"color: #83c4a8; \"\n\t\t\t\t\t>\n\t\t\t\t\t<span class=\"sow-icon-fontawesome sow-fas\" data-sow-icon=\"&#xf1ae;\"\n\t\tstyle=\"font-size: 75px; color: #FFFFFF\" ><\/span>\t\t\t\t<\/div>\n\t\t\t\t\n\t\t\t\t<div class=\"textwidget\">\n\t\t\t\t\t\t\t\t\t\t\t<h5>\n\t\t\t\t\t\t\t\t\t\t\t\t\t\tIn House Seminare\t\t\t\t\t\t\t\t\t\t\t\t\t<\/h5>\n\t\t\t\t\t\n\t\t\t\t\t\t\t\t\t\t\t<p>Ein umfangreiches Seminarprogramm hilft beim KnowHow Transfer in Ihr Unternehmen.<br \/>Und nicht nur bei IT Sicherheit sondern auch bei IBM DB2 L\u00f6sungen, Content-Manager Anwendungen etc.<\/p>\n<p>\u00a0<\/p>\t\t\t\t\t\n\t\t\t\t\t\t\t\t\t<\/div>\n\t\t\t<\/div>\n\n\t\t\t\n<\/div>\n<\/div><\/div><\/div><\/div><\/div><div id=\"pg-679-2\"  class=\"panel-grid panel-has-style\" ><div class=\"siteorigin-panels-stretch panel-row-style panel-row-style-for-679-2\" data-stretch-type=\"full\" ><div id=\"pgc-679-2-0\"  class=\"panel-grid-cell\" ><div id=\"panel-679-2-0-0\" class=\"so-panel widget widget_sow-headline panel-first-child\" data-index=\"3\" ><div class=\"so-widget-sow-headline so-widget-sow-headline-default-80f499377403\"><div class=\"sow-headline-container \">\n\t<h1 class='sow-headline'>Das Neueste vom BCS IT Blog<\/h1><\/div><\/div><\/div><div id=\"panel-679-2-0-1\" class=\"so-panel widget widget_sow-post-carousel panel-last-child\" data-index=\"4\" ><div class=\"so-widget-sow-post-carousel so-widget-sow-post-carousel-default-cea027ed113e\">\n\t<div class=\"sow-carousel-title\">\n\t\t\n\t\t<div class=\"sow-carousel-navigation\">\n\t\t\t<a href=\"#\" class=\"sow-carousel-next\" title=\"Next\" aria-label=\"Next Posts\" role=\"button\"><\/a>\n\t\t\t<a href=\"#\" class=\"sow-carousel-previous\" title=\"Previous\" aria-label=\"Previous Posts\" role=\"button\"><\/a>\n\t\t<\/div>\n\n\t<\/div>\n\n\t<div class=\"sow-carousel-container\">\n\n\t\t<a href=\"#\" class=\"sow-carousel-previous\" title=\"Previous\" aria-label=\"Previous Posts\" role=\"button\"><\/a>\n\n\t\t<a href=\"#\" class=\"sow-carousel-next\" title=\"Next\" aria-label=\"Next Posts\" role=\"button\"><\/a>\n\n\t\t<div class=\"sow-carousel-wrapper\"\n\t\t     data-post-count=\"8\"\n\t\t     data-loop-posts-enabled=\"1\"\n\t\t     data-ajax-url=\"https:\/\/www.bcsberlin.com\/whitebird\/BCSblog\/wp-admin\/admin-ajax.php?_widgets_nonce=9e82e5fa69\"\n\t\t     data-page=\"1\"\n\t\t     data-fetching=\"false\"\n\t\t     data-dir=\"ltr\"\n\t\t     data-responsive=\"{&quot;desktop_slides&quot;:1,&quot;tablet_portrait_slides&quot;:2,&quot;tablet_portrait_breakpoint&quot;:1025,&quot;tablet_landscape_slides&quot;:2,&quot;tablet_landscape_breakpoint&quot;:1366,&quot;mobile_breakpoint&quot;:480,&quot;mobile_slides&quot;:1}\"\n\t\t>\n\t\t\t<div class=\"sow-carousel-items\">\n\t\t\t\t\t<div class=\"sow-carousel-item\" tabindex=\"-1\">\n\t\t<div class=\"sow-carousel-thumbnail\">\n\t\t\t\t\t\t\t<a href=\"https:\/\/www.bcsberlin.com\/whitebird\/BCSblog\/2018\/02\/07\/auftragsarbeit-cyberattacke\/\"\n\t\t\t\t\tclass=\"sow-carousel-default-thumbnail\"\n\t\t\t\t\t\t\t\t\t\t\t\t\t\t\taria-labelledby=\"sow-carousel-id-859\"\n\t\t\t\t\ttabindex=\"-1\">\n\t\t\t\t\t<span class=\"overlay\"><\/span>\n\t\t\t\t<\/a>\n\t\t\t\t\t<\/div>\n\t\t<h3><a href=\"https:\/\/www.bcsberlin.com\/whitebird\/BCSblog\/2018\/02\/07\/auftragsarbeit-cyberattacke\/\" id=\"sow-carousel-id-859\"  tabindex=\"-1\">Auftragsarbeit Cyberattacke<\/a><\/h3>\n\t<\/div>\n\t<div class=\"sow-carousel-item\" tabindex=\"-1\">\n\t\t<div class=\"sow-carousel-thumbnail\">\n\t\t\t\t\t\t\t<a href=\"https:\/\/www.bcsberlin.com\/whitebird\/BCSblog\/2018\/01\/08\/antivirus-von-gdata\/\"\n\t\t\t\t\t\t\t\t\t\tstyle=\"background-image: url( https:\/\/www.bcsberlin.com\/whitebird\/BCSblog\/wp-content\/uploads\/2018\/01\/2017-10-08-06_23_14-Phishing-Google-Suche-272x182.gif )\"\n\t\t\t\t\taria-labelledby=\"sow-carousel-id-789\"\n\t\t\t\t\ttabindex=\"-1\">\n\t\t\t\t\t<span class=\"overlay\"><\/span>\n\t\t\t\t<\/a>\n\t\t\t\t\t<\/div>\n\t\t<h3><a href=\"https:\/\/www.bcsberlin.com\/whitebird\/BCSblog\/2018\/01\/08\/antivirus-von-gdata\/\" id=\"sow-carousel-id-789\"  tabindex=\"-1\">GData gegen Ransomware<\/a><\/h3>\n\t<\/div>\n\t<div class=\"sow-carousel-item\" tabindex=\"-1\">\n\t\t<div class=\"sow-carousel-thumbnail\">\n\t\t\t\t\t\t\t<a href=\"https:\/\/www.bcsberlin.com\/whitebird\/BCSblog\/2017\/10\/04\/it-security\/\"\n\t\t\t\t\tclass=\"sow-carousel-default-thumbnail\"\n\t\t\t\t\t\t\t\t\t\t\t\t\t\t\taria-labelledby=\"sow-carousel-id-492\"\n\t\t\t\t\ttabindex=\"-1\">\n\t\t\t\t\t<span class=\"overlay\"><\/span>\n\t\t\t\t<\/a>\n\t\t\t\t\t<\/div>\n\t\t<h3><a href=\"https:\/\/www.bcsberlin.com\/whitebird\/BCSblog\/2017\/10\/04\/it-security\/\" id=\"sow-carousel-id-492\"  tabindex=\"-1\">IT Security<\/a><\/h3>\n\t<\/div>\n\t<div class=\"sow-carousel-item\" tabindex=\"-1\">\n\t\t<div class=\"sow-carousel-thumbnail\">\n\t\t\t\t\t\t\t<a href=\"https:\/\/www.bcsberlin.com\/whitebird\/BCSblog\/2017\/09\/20\/it-sandbox\/\"\n\t\t\t\t\tclass=\"sow-carousel-default-thumbnail\"\n\t\t\t\t\t\t\t\t\t\t\t\t\t\t\taria-labelledby=\"sow-carousel-id-396\"\n\t\t\t\t\ttabindex=\"-1\">\n\t\t\t\t\t<span class=\"overlay\"><\/span>\n\t\t\t\t<\/a>\n\t\t\t\t\t<\/div>\n\t\t<h3><a href=\"https:\/\/www.bcsberlin.com\/whitebird\/BCSblog\/2017\/09\/20\/it-sandbox\/\" id=\"sow-carousel-id-396\"  tabindex=\"-1\">IT Sandbox<\/a><\/h3>\n\t<\/div>\n\t<div class=\"sow-carousel-item\" tabindex=\"-1\">\n\t\t<div class=\"sow-carousel-thumbnail\">\n\t\t\t\t\t\t\t<a href=\"https:\/\/www.bcsberlin.com\/whitebird\/BCSblog\/2016\/11\/29\/disputberlin-zur-ki\/\"\n\t\t\t\t\tclass=\"sow-carousel-default-thumbnail\"\n\t\t\t\t\t\t\t\t\t\t\t\t\t\t\taria-labelledby=\"sow-carousel-id-263\"\n\t\t\t\t\ttabindex=\"-1\">\n\t\t\t\t\t<span class=\"overlay\"><\/span>\n\t\t\t\t<\/a>\n\t\t\t\t\t<\/div>\n\t\t<h3><a href=\"https:\/\/www.bcsberlin.com\/whitebird\/BCSblog\/2016\/11\/29\/disputberlin-zur-ki\/\" id=\"sow-carousel-id-263\"  tabindex=\"-1\">Disput\/Berlin zur KI<\/a><\/h3>\n\t<\/div>\n\t<div class=\"sow-carousel-item\" tabindex=\"-1\">\n\t\t<div class=\"sow-carousel-thumbnail\">\n\t\t\t\t\t\t\t<a href=\"https:\/\/www.bcsberlin.com\/whitebird\/BCSblog\/2016\/11\/25\/it-kuenstliche-intelligenz\/\"\n\t\t\t\t\tclass=\"sow-carousel-default-thumbnail\"\n\t\t\t\t\t\t\t\t\t\t\t\t\t\t\taria-labelledby=\"sow-carousel-id-258\"\n\t\t\t\t\ttabindex=\"-1\">\n\t\t\t\t\t<span class=\"overlay\"><\/span>\n\t\t\t\t<\/a>\n\t\t\t\t\t<\/div>\n\t\t<h3><a href=\"https:\/\/www.bcsberlin.com\/whitebird\/BCSblog\/2016\/11\/25\/it-kuenstliche-intelligenz\/\" id=\"sow-carousel-id-258\"  tabindex=\"-1\">IT K\u00fcnstliche Intelligenz<\/a><\/h3>\n\t<\/div>\n\t<div class=\"sow-carousel-item\" tabindex=\"-1\">\n\t\t<div class=\"sow-carousel-thumbnail\">\n\t\t\t\t\t\t\t<a href=\"https:\/\/www.bcsberlin.com\/whitebird\/BCSblog\/2016\/11\/07\/modelle-des-managements-in-der-it\/\"\n\t\t\t\t\tclass=\"sow-carousel-default-thumbnail\"\n\t\t\t\t\t\t\t\t\t\t\t\t\t\t\taria-labelledby=\"sow-carousel-id-152\"\n\t\t\t\t\ttabindex=\"-1\">\n\t\t\t\t\t<span class=\"overlay\"><\/span>\n\t\t\t\t<\/a>\n\t\t\t\t\t<\/div>\n\t\t<h3><a href=\"https:\/\/www.bcsberlin.com\/whitebird\/BCSblog\/2016\/11\/07\/modelle-des-managements-in-der-it\/\" id=\"sow-carousel-id-152\"  tabindex=\"-1\">Modelle des Managements in der IT<\/a><\/h3>\n\t<\/div>\n\t<div class=\"sow-carousel-item\" tabindex=\"-1\">\n\t\t<div class=\"sow-carousel-thumbnail\">\n\t\t\t\t\t\t\t<a href=\"https:\/\/www.bcsberlin.com\/whitebird\/BCSblog\/2016\/11\/07\/informationsmanagement\/\"\n\t\t\t\t\tclass=\"sow-carousel-default-thumbnail\"\n\t\t\t\t\t\t\t\t\t\t\t\t\t\t\taria-labelledby=\"sow-carousel-id-149\"\n\t\t\t\t\ttabindex=\"-1\">\n\t\t\t\t\t<span class=\"overlay\"><\/span>\n\t\t\t\t<\/a>\n\t\t\t\t\t<\/div>\n\t\t<h3><a href=\"https:\/\/www.bcsberlin.com\/whitebird\/BCSblog\/2016\/11\/07\/informationsmanagement\/\" id=\"sow-carousel-id-149\"  tabindex=\"-1\">Informationsmanagement<\/a><\/h3>\n\t<\/div>\n\t\t\t<\/div>\n\t\t<\/div>\n\t<\/div>\n\t<input type=\"hidden\" name=\"instance_hash\" value=\"35348179\"\/>\n<\/div><\/div><\/div><\/div><\/div><\/div>","protected":false},"excerpt":{"rendered":"<p>BCS Berlin Beratung Computer Software Kontakt 1 Beratung steht bei uns an erster Stelle IT Sicherheit &amp; Antivirus Wir sind Partner von G-Data in Bochum, des einzigen Antivirus-Software Herstellers in Deutschland (!). Die Produkte G-Data Internet Security sind international anerkannt und weltweit ein gro\u00dfer Erfolg. Es gibt L\u00f6sungen vom Mobilen Endger\u00e4t bis hin zu Unternehmensl\u00f6sungen &hellip; <\/p>\n<p class=\"link-more\"><a href=\"https:\/\/www.bcsberlin.com\/whitebird\/BCSblog\/2016\/11\/07\/informationsmanagement\/\" class=\"more-link\"><span class=\"screen-reader-text\">\u201eInformationsmanagement\u201c<\/span> weiterlesen<\/a><\/p>\n","protected":false},"author":1,"featured_media":0,"parent":0,"menu_order":0,"comment_status":"closed","ping_status":"closed","template":"","meta":{"footnotes":""},"class_list":["post-679","page","type-page","status-publish","hentry"],"yoast_head":"<!-- This site is optimized with the Yoast SEO plugin v15.6.2 - https:\/\/yoast.com\/wordpress\/plugins\/seo\/ -->\n<title>a long way begins with the first step - BCSberlin.de<\/title>\n<meta name=\"robots\" content=\"index, follow, max-snippet:-1, max-image-preview:large, max-video-preview:-1\" \/>\n<link rel=\"canonical\" href=\"https:\/\/www.bcsberlin.com\/whitebird\/BCSblog\/679-2\/\" \/>\n<meta property=\"og:locale\" content=\"de_DE\" \/>\n<meta property=\"og:type\" content=\"article\" \/>\n<meta property=\"og:title\" content=\"a long way begins with the first step - BCSberlin.de\" \/>\n<meta property=\"og:description\" content=\"BCS Berlin Beratung Computer Software Kontakt 1 Beratung steht bei uns an erster Stelle IT Sicherheit &amp; Antivirus Wir sind Partner von G-Data in Bochum, des einzigen Antivirus-Software Herstellers in Deutschland (!). Die Produkte G-Data Internet Security sind international anerkannt und weltweit ein gro\u00dfer Erfolg. Es gibt L\u00f6sungen vom Mobilen Endger\u00e4t bis hin zu Unternehmensl\u00f6sungen &hellip; \u201eInformationsmanagement\u201c weiterlesen\" \/>\n<meta property=\"og:url\" content=\"https:\/\/www.bcsberlin.com\/whitebird\/BCSblog\/679-2\/\" \/>\n<meta property=\"og:site_name\" content=\"BCSberlin.de\" \/>\n<meta property=\"article:modified_time\" content=\"2017-11-27T10:36:59+00:00\" \/>\n<meta name=\"twitter:card\" content=\"summary_large_image\" \/>\n<meta name=\"twitter:label1\" content=\"Gesch\u00e4tzte Lesezeit\">\n\t<meta name=\"twitter:data1\" content=\"1\u00a0Minute\">\n<script type=\"application\/ld+json\" class=\"yoast-schema-graph\">{\"@context\":\"https:\/\/schema.org\",\"@graph\":[{\"@type\":\"WebSite\",\"@id\":\"https:\/\/www.bcsberlin.com\/whitebird\/BCSblog\/#website\",\"url\":\"https:\/\/www.bcsberlin.com\/whitebird\/BCSblog\/\",\"name\":\"BCSberlin.de\",\"description\":\"Beratung Computer Software Seit 20 Jahre Erfahrung von Microprozessor bis IBM Mainframe\",\"potentialAction\":[{\"@type\":\"SearchAction\",\"target\":\"https:\/\/www.bcsberlin.com\/whitebird\/BCSblog\/?s={search_term_string}\",\"query-input\":\"required name=search_term_string\"}],\"inLanguage\":\"de\"},{\"@type\":\"WebPage\",\"@id\":\"https:\/\/www.bcsberlin.com\/whitebird\/BCSblog\/679-2\/#webpage\",\"url\":\"https:\/\/www.bcsberlin.com\/whitebird\/BCSblog\/679-2\/\",\"name\":\"a long way begins with the first step - BCSberlin.de\",\"isPartOf\":{\"@id\":\"https:\/\/www.bcsberlin.com\/whitebird\/BCSblog\/#website\"},\"datePublished\":\"2017-11-25T16:48:40+00:00\",\"dateModified\":\"2017-11-27T10:36:59+00:00\",\"inLanguage\":\"de\",\"potentialAction\":[{\"@type\":\"ReadAction\",\"target\":[\"https:\/\/www.bcsberlin.com\/whitebird\/BCSblog\/679-2\/\"]}]}]}<\/script>\n<!-- \/ Yoast SEO plugin. -->","_links":{"self":[{"href":"https:\/\/www.bcsberlin.com\/whitebird\/BCSblog\/wp-json\/wp\/v2\/pages\/679","targetHints":{"allow":["GET"]}}],"collection":[{"href":"https:\/\/www.bcsberlin.com\/whitebird\/BCSblog\/wp-json\/wp\/v2\/pages"}],"about":[{"href":"https:\/\/www.bcsberlin.com\/whitebird\/BCSblog\/wp-json\/wp\/v2\/types\/page"}],"author":[{"embeddable":true,"href":"https:\/\/www.bcsberlin.com\/whitebird\/BCSblog\/wp-json\/wp\/v2\/users\/1"}],"replies":[{"embeddable":true,"href":"https:\/\/www.bcsberlin.com\/whitebird\/BCSblog\/wp-json\/wp\/v2\/comments?post=679"}],"version-history":[{"count":10,"href":"https:\/\/www.bcsberlin.com\/whitebird\/BCSblog\/wp-json\/wp\/v2\/pages\/679\/revisions"}],"predecessor-version":[{"id":723,"href":"https:\/\/www.bcsberlin.com\/whitebird\/BCSblog\/wp-json\/wp\/v2\/pages\/679\/revisions\/723"}],"wp:attachment":[{"href":"https:\/\/www.bcsberlin.com\/whitebird\/BCSblog\/wp-json\/wp\/v2\/media?parent=679"}],"curies":[{"name":"wp","href":"https:\/\/api.w.org\/{rel}","templated":true}]}}